{"id":1027,"date":"2022-05-24T14:49:30","date_gmt":"2022-05-24T12:49:30","guid":{"rendered":"https:\/\/www.awt.fr\/?page_id=1027"},"modified":"2023-03-01T11:50:00","modified_gmt":"2023-03-01T10:50:00","slug":"assurance","status":"publish","type":"page","link":"https:\/\/www.awt.fr\/en\/assurance\/","title":{"rendered":"Insurance"},"content":{"rendered":"<div data-elementor-type=\"wp-page\" data-elementor-id=\"1027\" class=\"elementor elementor-1027\">\n\t\t\t\t\t\t\t\t\t<section class=\"elementor-section elementor-top-section elementor-element elementor-element-c82b9b0 elementor-section-boxed elementor-section-height-default elementor-section-height-default\" data-id=\"c82b9b0\" data-element_type=\"section\" data-settings=\"{&quot;background_background&quot;:&quot;classic&quot;}\">\n\t\t\t\t\t\t<div class=\"elementor-container elementor-column-gap-default\">\n\t\t\t\t\t<div class=\"elementor-column elementor-col-100 elementor-top-column elementor-element elementor-element-20bb630\" data-id=\"20bb630\" data-element_type=\"column\">\n\t\t\t<div class=\"elementor-widget-wrap elementor-element-populated\">\n\t\t\t\t\t\t\t\t<div class=\"elementor-element elementor-element-bab1d2a elementor-widget__width-initial elementor-widget-tablet__width-inherit elementor-widget elementor-widget-heading\" data-id=\"bab1d2a\" data-element_type=\"widget\" data-widget_type=\"heading.default\">\n\t\t\t\t<div class=\"elementor-widget-container\">\n\t\t\t<style>\/*! elementor - v3.17.0 - 25-10-2023 *\/\n.elementor-heading-title{padding:0;margin:0;line-height:1}.elementor-widget-heading .elementor-heading-title[class*=elementor-size-]>a{color:inherit;font-size:inherit;line-height:inherit}.elementor-widget-heading .elementor-heading-title.elementor-size-small{font-size:15px}.elementor-widget-heading .elementor-heading-title.elementor-size-medium{font-size:19px}.elementor-widget-heading .elementor-heading-title.elementor-size-large{font-size:29px}.elementor-widget-heading .elementor-heading-title.elementor-size-xl{font-size:39px}.elementor-widget-heading .elementor-heading-title.elementor-size-xxl{font-size:59px}<\/style><h2 class=\"elementor-heading-title elementor-size-default\">INSURANCE<\/h2>\t\t<\/div>\n\t\t\t\t<\/div>\n\t\t\t\t<section class=\"elementor-section elementor-inner-section elementor-element elementor-element-8a62fe2 elementor-section-boxed elementor-section-height-default elementor-section-height-default\" data-id=\"8a62fe2\" data-element_type=\"section\">\n\t\t\t\t\t\t<div class=\"elementor-container elementor-column-gap-default\">\n\t\t\t\t\t<div class=\"elementor-column elementor-col-100 elementor-inner-column elementor-element elementor-element-66b104a\" data-id=\"66b104a\" data-element_type=\"column\">\n\t\t\t<div class=\"elementor-widget-wrap elementor-element-populated\">\n\t\t\t\t\t\t\t\t<div class=\"elementor-element elementor-element-3569e1b elementor-widget elementor-widget-heading\" data-id=\"3569e1b\" data-element_type=\"widget\" data-widget_type=\"heading.default\">\n\t\t\t\t<div class=\"elementor-widget-container\">\n\t\t\t<h3 class=\"elementor-heading-title elementor-size-default\">MOVE WITH PEACE OF MIND WITH OUR CUSTOMIZED INSURANCE PROGRAM<\/h3>\t\t<\/div>\n\t\t\t\t<\/div>\n\t\t\t\t<div class=\"elementor-element elementor-element-b4aeac1 elementor-widget elementor-widget-text-editor\" data-id=\"b4aeac1\" data-element_type=\"widget\" data-widget_type=\"text-editor.default\">\n\t\t\t\t<div class=\"elementor-widget-container\">\n\t\t\t<style>\/*! elementor - v3.17.0 - 25-10-2023 *\/\n.elementor-widget-text-editor.elementor-drop-cap-view-stacked .elementor-drop-cap{background-color:#69727d;color:#fff}.elementor-widget-text-editor.elementor-drop-cap-view-framed .elementor-drop-cap{color:#69727d;border:3px solid;background-color:transparent}.elementor-widget-text-editor:not(.elementor-drop-cap-view-default) .elementor-drop-cap{margin-top:8px}.elementor-widget-text-editor:not(.elementor-drop-cap-view-default) .elementor-drop-cap-letter{width:1em;height:1em}.elementor-widget-text-editor .elementor-drop-cap{float:left;text-align:center;line-height:1;font-size:50px}.elementor-widget-text-editor .elementor-drop-cap-letter{display:inline-block}<\/style>\t\t\t\t<p class=\" translation-block\">All-risk insurance without deductible will be offered to cover all your personal effects and furniture, as well as all types of vehicles. Our insurance covers your door-to-door move.<\/p><p>We will give you a brochure, containing all the information to insure your property and the instructions to follow during your move. A specific follow-up will be carried out by our team after delivery.<\/p>\t\t\t\t\t\t<\/div>\n\t\t\t\t<\/div>\n\t\t\t\t<div class=\"elementor-element elementor-element-d4d475e elementor-widget elementor-widget-heading\" data-id=\"d4d475e\" data-element_type=\"widget\" data-widget_type=\"heading.default\">\n\t\t\t\t<div class=\"elementor-widget-container\">\n\t\t\t<h3 class=\"elementor-heading-title elementor-size-default\">WHY CHOOSE ALL-RISK INSURANCE WITH AWT?<\/h3>\t\t<\/div>\n\t\t\t\t<\/div>\n\t\t\t\t<div class=\"elementor-element elementor-element-3d054ea elementor-widget elementor-widget-text-editor\" data-id=\"3d054ea\" data-element_type=\"widget\" data-widget_type=\"text-editor.default\">\n\t\t\t\t<div class=\"elementor-widget-container\">\n\t\t\t\t\t\t\t<p>When you choose a mover for the transport of your personal effects, you must choose a professional mover, with guarantees and certifications recognized as <strong><a href=\"https:\/\/www.fidi.org\/quality\/fidi-faim-certification\">FAIM.<\/a><\/strong><\/p><p>International removals are operations that require great knowledge and are sometimes complicated. There are many risks associated with moving and transporting by boat, plane or road.<\/p><p>It is for this purpose that AWT offers its customers all-risk insurance, \u201cALL RISK\u201d, which we take out with an insurance company, having representatives in a large part of the world.<\/p><p><em><strong>Please contact us if you wish to receive a copy of our insurance brochure and the details of its guarantees.<\/strong><\/em><\/p>\t\t\t\t\t\t<\/div>\n\t\t\t\t<\/div>\n\t\t\t\t<div class=\"elementor-element elementor-element-0723f05 elementor-widget-divider--view-line elementor-widget elementor-widget-divider\" data-id=\"0723f05\" data-element_type=\"widget\" data-widget_type=\"divider.default\">\n\t\t\t\t<div class=\"elementor-widget-container\">\n\t\t\t<style>\/*! elementor - v3.17.0 - 25-10-2023 *\/\n.elementor-widget-divider{--divider-border-style:none;--divider-border-width:1px;--divider-color:#0c0d0e;--divider-icon-size:20px;--divider-element-spacing:10px;--divider-pattern-height:24px;--divider-pattern-size:20px;--divider-pattern-url:none;--divider-pattern-repeat:repeat-x}.elementor-widget-divider .elementor-divider{display:flex}.elementor-widget-divider .elementor-divider__text{font-size:15px;line-height:1;max-width:95%}.elementor-widget-divider .elementor-divider__element{margin:0 var(--divider-element-spacing);flex-shrink:0}.elementor-widget-divider .elementor-icon{font-size:var(--divider-icon-size)}.elementor-widget-divider .elementor-divider-separator{display:flex;margin:0;direction:ltr}.elementor-widget-divider--view-line_icon .elementor-divider-separator,.elementor-widget-divider--view-line_text .elementor-divider-separator{align-items:center}.elementor-widget-divider--view-line_icon .elementor-divider-separator:after,.elementor-widget-divider--view-line_icon .elementor-divider-separator:before,.elementor-widget-divider--view-line_text .elementor-divider-separator:after,.elementor-widget-divider--view-line_text .elementor-divider-separator:before{display:block;content:\"\";border-bottom:0;flex-grow:1;border-top:var(--divider-border-width) var(--divider-border-style) var(--divider-color)}.elementor-widget-divider--element-align-left .elementor-divider .elementor-divider-separator>.elementor-divider__svg:first-of-type{flex-grow:0;flex-shrink:100}.elementor-widget-divider--element-align-left .elementor-divider-separator:before{content:none}.elementor-widget-divider--element-align-left .elementor-divider__element{margin-left:0}.elementor-widget-divider--element-align-right .elementor-divider .elementor-divider-separator>.elementor-divider__svg:last-of-type{flex-grow:0;flex-shrink:100}.elementor-widget-divider--element-align-right .elementor-divider-separator:after{content:none}.elementor-widget-divider--element-align-right .elementor-divider__element{margin-right:0}.elementor-widget-divider:not(.elementor-widget-divider--view-line_text):not(.elementor-widget-divider--view-line_icon) .elementor-divider-separator{border-top:var(--divider-border-width) var(--divider-border-style) var(--divider-color)}.elementor-widget-divider--separator-type-pattern{--divider-border-style:none}.elementor-widget-divider--separator-type-pattern.elementor-widget-divider--view-line .elementor-divider-separator,.elementor-widget-divider--separator-type-pattern:not(.elementor-widget-divider--view-line) .elementor-divider-separator:after,.elementor-widget-divider--separator-type-pattern:not(.elementor-widget-divider--view-line) .elementor-divider-separator:before,.elementor-widget-divider--separator-type-pattern:not([class*=elementor-widget-divider--view]) .elementor-divider-separator{width:100%;min-height:var(--divider-pattern-height);-webkit-mask-size:var(--divider-pattern-size) 100%;mask-size:var(--divider-pattern-size) 100%;-webkit-mask-repeat:var(--divider-pattern-repeat);mask-repeat:var(--divider-pattern-repeat);background-color:var(--divider-color);-webkit-mask-image:var(--divider-pattern-url);mask-image:var(--divider-pattern-url)}.elementor-widget-divider--no-spacing{--divider-pattern-size:auto}.elementor-widget-divider--bg-round{--divider-pattern-repeat:round}.rtl .elementor-widget-divider .elementor-divider__text{direction:rtl}.e-con-inner>.elementor-widget-divider,.e-con>.elementor-widget-divider{width:var(--container-widget-width,100%);--flex-grow:var(--container-widget-flex-grow)}<\/style>\t\t<div class=\"elementor-divider\">\n\t\t\t<span class=\"elementor-divider-separator\">\n\t\t\t\t\t\t<\/span>\n\t\t<\/div>\n\t\t\t\t<\/div>\n\t\t\t\t<\/div>\n\t\t\t\t<div class=\"elementor-element elementor-element-0792c3a elementor-mobile-align-center elementor-widget elementor-widget-button\" data-id=\"0792c3a\" data-element_type=\"widget\" data-widget_type=\"button.default\">\n\t\t\t\t<div class=\"elementor-widget-container\">\n\t\t\t\t\t<div class=\"elementor-button-wrapper\">\n\t\t\t<a class=\"elementor-button elementor-button-link elementor-size-sm\" href=\"https:\/\/devis.awt.fr\/\">\n\t\t\t\t\t\t<span class=\"elementor-button-content-wrapper\">\n\t\t\t\t\t\t<span class=\"elementor-button-icon elementor-align-icon-right\">\n\t\t\t\t<i aria-hidden=\"true\" class=\"fas fa-arrow-right\"><\/i>\t\t\t<\/span>\n\t\t\t\t\t\t<span class=\"elementor-button-text\">Ask for a quote<\/span>\n\t\t<\/span>\n\t\t\t\t\t<\/a>\n\t\t<\/div>\n\t\t\t\t<\/div>\n\t\t\t\t<\/div>\n\t\t\t\t\t<\/div>\n\t\t<\/div>\n\t\t\t\t\t\t\t<\/div>\n\t\t<\/section>\n\t\t\t\t\t<\/div>\n\t\t<\/div>\n\t\t\t\t\t\t\t<\/div>\n\t\t<\/section>\n\t\t\t\t\t\t\t<\/div>","protected":false},"excerpt":{"rendered":"<p>ASSURANCE D\u00c9M\u00c9NAGER EN TOUTE TRANQUILLIT\u00c9 AVEC NOTRE PROGRAMME D&rsquo;ASSURANCE SUR MESURE Une assurance tous risques sans franchise vous sera propos\u00e9e pour couvrir l&rsquo;ensemble de vos effets personnels et de votre mobilier, ainsi que tous types de v\u00e9hicules. Notre assurance couvre votre d\u00e9m\u00e9nagement en \u00ab\u00a0porte \u00e0 porte\u00a0\u00bb. Votre inspecteur vous remettra une plaquette, reprenant toutes les [&hellip;]<\/p>","protected":false},"author":1,"featured_media":0,"parent":0,"menu_order":0,"comment_status":"closed","ping_status":"closed","template":"","meta":{"footnotes":""},"class_list":["post-1027","page","type-page","status-publish","hentry"],"yoast_head":"<!-- This site is optimized with the Yoast SEO plugin v21.7 - https:\/\/yoast.com\/wordpress\/plugins\/seo\/ -->\n<title>Assurance - AWT<\/title>\n<meta name=\"robots\" content=\"index, follow, max-snippet:-1, max-image-preview:large, max-video-preview:-1\" \/>\n<link rel=\"canonical\" href=\"https:\/\/www.awt.fr\/en\/assurance\/\" \/>\n<meta property=\"og:locale\" content=\"en_US\" \/>\n<meta property=\"og:type\" content=\"article\" \/>\n<meta property=\"og:title\" content=\"Assurance - AWT\" \/>\n<meta property=\"og:description\" content=\"ASSURANCE D\u00c9M\u00c9NAGER EN TOUTE TRANQUILLIT\u00c9 AVEC NOTRE PROGRAMME D&rsquo;ASSURANCE SUR MESURE Une assurance tous risques sans franchise vous sera propos\u00e9e pour couvrir l&rsquo;ensemble de vos effets personnels et de votre mobilier, ainsi que tous types de v\u00e9hicules. Notre assurance couvre votre d\u00e9m\u00e9nagement en \u00ab\u00a0porte \u00e0 porte\u00a0\u00bb. Votre inspecteur vous remettra une plaquette, reprenant toutes les [&hellip;]\" \/>\n<meta property=\"og:url\" content=\"https:\/\/www.awt.fr\/en\/assurance\/\" \/>\n<meta property=\"og:site_name\" content=\"AWT\" \/>\n<meta property=\"article:modified_time\" content=\"2023-03-01T10:50:00+00:00\" \/>\n<meta name=\"twitter:card\" content=\"summary_large_image\" \/>\n<meta name=\"twitter:label1\" content=\"Est. reading time\" \/>\n\t<meta name=\"twitter:data1\" content=\"2 minutes\" \/>\n<script type=\"application\/ld+json\" class=\"yoast-schema-graph\">{\"@context\":\"https:\/\/schema.org\",\"@graph\":[{\"@type\":\"WebPage\",\"@id\":\"https:\/\/www.awt.fr\/assurance\/\",\"url\":\"https:\/\/www.awt.fr\/assurance\/\",\"name\":\"Assurance - AWT\",\"isPartOf\":{\"@id\":\"https:\/\/www.awt.fr\/#website\"},\"datePublished\":\"2022-05-24T12:49:30+00:00\",\"dateModified\":\"2023-03-01T10:50:00+00:00\",\"inLanguage\":\"en-US\",\"potentialAction\":[{\"@type\":\"ReadAction\",\"target\":[\"https:\/\/www.awt.fr\/assurance\/\"]}]},{\"@type\":\"WebSite\",\"@id\":\"https:\/\/www.awt.fr\/#website\",\"url\":\"https:\/\/www.awt.fr\/\",\"name\":\"AWT\",\"description\":\"Un site utilisant WordPress\",\"publisher\":{\"@id\":\"https:\/\/www.awt.fr\/#organization\"},\"potentialAction\":[{\"@type\":\"SearchAction\",\"target\":{\"@type\":\"EntryPoint\",\"urlTemplate\":\"https:\/\/www.awt.fr\/?s={search_term_string}\"},\"query-input\":\"required name=search_term_string\"}],\"inLanguage\":\"en-US\"},{\"@type\":\"Organization\",\"@id\":\"https:\/\/www.awt.fr\/#organization\",\"name\":\"AWT\",\"url\":\"https:\/\/www.awt.fr\/\",\"logo\":{\"@type\":\"ImageObject\",\"inLanguage\":\"en-US\",\"@id\":\"https:\/\/www.awt.fr\/#\/schema\/logo\/image\/\",\"url\":\"https:\/\/www.awt.fr\/wp-content\/uploads\/2022\/04\/logo.png\",\"contentUrl\":\"https:\/\/www.awt.fr\/wp-content\/uploads\/2022\/04\/logo.png\",\"width\":431,\"height\":355,\"caption\":\"AWT\"},\"image\":{\"@id\":\"https:\/\/www.awt.fr\/#\/schema\/logo\/image\/\"}}]}<\/script>\n<!-- \/ Yoast SEO plugin. -->","yoast_head_json":{"title":"Assurance - AWT","robots":{"index":"index","follow":"follow","max-snippet":"max-snippet:-1","max-image-preview":"max-image-preview:large","max-video-preview":"max-video-preview:-1"},"canonical":"https:\/\/www.awt.fr\/en\/assurance\/","og_locale":"en_US","og_type":"article","og_title":"Assurance - AWT","og_description":"ASSURANCE D\u00c9M\u00c9NAGER EN TOUTE TRANQUILLIT\u00c9 AVEC NOTRE PROGRAMME D&rsquo;ASSURANCE SUR MESURE Une assurance tous risques sans franchise vous sera propos\u00e9e pour couvrir l&rsquo;ensemble de vos effets personnels et de votre mobilier, ainsi que tous types de v\u00e9hicules. Notre assurance couvre votre d\u00e9m\u00e9nagement en \u00ab\u00a0porte \u00e0 porte\u00a0\u00bb. Votre inspecteur vous remettra une plaquette, reprenant toutes les [&hellip;]","og_url":"https:\/\/www.awt.fr\/en\/assurance\/","og_site_name":"AWT","article_modified_time":"2023-03-01T10:50:00+00:00","twitter_card":"summary_large_image","twitter_misc":{"Est. reading time":"2 minutes"},"schema":{"@context":"https:\/\/schema.org","@graph":[{"@type":"WebPage","@id":"https:\/\/www.awt.fr\/assurance\/","url":"https:\/\/www.awt.fr\/assurance\/","name":"Assurance - AWT","isPartOf":{"@id":"https:\/\/www.awt.fr\/#website"},"datePublished":"2022-05-24T12:49:30+00:00","dateModified":"2023-03-01T10:50:00+00:00","inLanguage":"en-US","potentialAction":[{"@type":"ReadAction","target":["https:\/\/www.awt.fr\/assurance\/"]}]},{"@type":"WebSite","@id":"https:\/\/www.awt.fr\/#website","url":"https:\/\/www.awt.fr\/","name":"AWT","description":"Un site utilisant WordPress","publisher":{"@id":"https:\/\/www.awt.fr\/#organization"},"potentialAction":[{"@type":"SearchAction","target":{"@type":"EntryPoint","urlTemplate":"https:\/\/www.awt.fr\/?s={search_term_string}"},"query-input":"required name=search_term_string"}],"inLanguage":"en-US"},{"@type":"Organization","@id":"https:\/\/www.awt.fr\/#organization","name":"AWT","url":"https:\/\/www.awt.fr\/","logo":{"@type":"ImageObject","inLanguage":"en-US","@id":"https:\/\/www.awt.fr\/#\/schema\/logo\/image\/","url":"https:\/\/www.awt.fr\/wp-content\/uploads\/2022\/04\/logo.png","contentUrl":"https:\/\/www.awt.fr\/wp-content\/uploads\/2022\/04\/logo.png","width":431,"height":355,"caption":"AWT"},"image":{"@id":"https:\/\/www.awt.fr\/#\/schema\/logo\/image\/"}}]}},"_links":{"self":[{"href":"https:\/\/www.awt.fr\/en\/wp-json\/wp\/v2\/pages\/1027","targetHints":{"allow":["GET"]}}],"collection":[{"href":"https:\/\/www.awt.fr\/en\/wp-json\/wp\/v2\/pages"}],"about":[{"href":"https:\/\/www.awt.fr\/en\/wp-json\/wp\/v2\/types\/page"}],"author":[{"embeddable":true,"href":"https:\/\/www.awt.fr\/en\/wp-json\/wp\/v2\/users\/1"}],"replies":[{"embeddable":true,"href":"https:\/\/www.awt.fr\/en\/wp-json\/wp\/v2\/comments?post=1027"}],"version-history":[{"count":19,"href":"https:\/\/www.awt.fr\/en\/wp-json\/wp\/v2\/pages\/1027\/revisions"}],"predecessor-version":[{"id":2036,"href":"https:\/\/www.awt.fr\/en\/wp-json\/wp\/v2\/pages\/1027\/revisions\/2036"}],"wp:attachment":[{"href":"https:\/\/www.awt.fr\/en\/wp-json\/wp\/v2\/media?parent=1027"}],"curies":[{"name":"wp","href":"https:\/\/api.w.org\/{rel}","templated":true}]}}