{"id":1470,"date":"2023-01-23T20:25:30","date_gmt":"2023-01-23T19:25:30","guid":{"rendered":"https:\/\/www.awt.fr\/?page_id=1470"},"modified":"2023-02-02T13:40:46","modified_gmt":"2023-02-02T12:40:46","slug":"mentions-legales","status":"publish","type":"page","link":"https:\/\/www.awt.fr\/en\/mentions-legales\/","title":{"rendered":"Legal Notice"},"content":{"rendered":"<div data-elementor-type=\"wp-page\" data-elementor-id=\"1470\" class=\"elementor elementor-1470\">\n\t\t\t\t\t\t\t\t\t<section class=\"elementor-section elementor-top-section elementor-element elementor-element-40c39e4 elementor-section-boxed elementor-section-height-default elementor-section-height-default\" data-id=\"40c39e4\" data-element_type=\"section\" data-settings=\"{&quot;background_background&quot;:&quot;classic&quot;}\">\n\t\t\t\t\t\t<div class=\"elementor-container elementor-column-gap-default\">\n\t\t\t\t\t<div class=\"elementor-column elementor-col-100 elementor-top-column elementor-element elementor-element-6f31912\" data-id=\"6f31912\" data-element_type=\"column\">\n\t\t\t<div class=\"elementor-widget-wrap elementor-element-populated\">\n\t\t\t\t\t\t\t\t<div class=\"elementor-element elementor-element-83d7615 elementor-widget__width-initial elementor-widget-tablet__width-inherit elementor-widget elementor-widget-heading\" data-id=\"83d7615\" data-element_type=\"widget\" data-widget_type=\"heading.default\">\n\t\t\t\t<div class=\"elementor-widget-container\">\n\t\t\t<style>\/*! elementor - v3.17.0 - 25-10-2023 *\/\n.elementor-heading-title{padding:0;margin:0;line-height:1}.elementor-widget-heading .elementor-heading-title[class*=elementor-size-]>a{color:inherit;font-size:inherit;line-height:inherit}.elementor-widget-heading .elementor-heading-title.elementor-size-small{font-size:15px}.elementor-widget-heading .elementor-heading-title.elementor-size-medium{font-size:19px}.elementor-widget-heading .elementor-heading-title.elementor-size-large{font-size:29px}.elementor-widget-heading .elementor-heading-title.elementor-size-xl{font-size:39px}.elementor-widget-heading .elementor-heading-title.elementor-size-xxl{font-size:59px}<\/style><h2 class=\"elementor-heading-title elementor-size-default\">MENTIONS L\u00c9GALES<\/h2>\t\t<\/div>\n\t\t\t\t<\/div>\n\t\t\t\t<section class=\"elementor-section elementor-inner-section elementor-element elementor-element-6254a91 elementor-section-boxed elementor-section-height-default elementor-section-height-default\" data-id=\"6254a91\" data-element_type=\"section\">\n\t\t\t\t\t\t<div class=\"elementor-container elementor-column-gap-default\">\n\t\t\t\t\t<div class=\"elementor-column elementor-col-50 elementor-inner-column elementor-element elementor-element-c0a0dc4\" data-id=\"c0a0dc4\" data-element_type=\"column\">\n\t\t\t<div class=\"elementor-widget-wrap elementor-element-populated\">\n\t\t\t\t\t\t\t\t<div class=\"elementor-element elementor-element-3c08713 elementor-widget elementor-widget-heading\" data-id=\"3c08713\" data-element_type=\"widget\" data-widget_type=\"heading.default\">\n\t\t\t\t<div class=\"elementor-widget-container\">\n\t\t\t<h3 class=\"elementor-heading-title elementor-size-default\">Les mentions l\u00e9gales de la soci\u00e9t\u00e9 All Word Transport : <br> <br>\n\n1, rue Le N\u00f4tre \u2013 BP 80804 \u2013 95198 GOUSSAINVILLE CEDEX \u2013 FRANCE\n<br><br>\n\nH\u00e9bergeur : OVH\n<br><br>\n\u00c9diteur : ALL WORLD TRANSPORT\n<br><br>\nResponsable des publications : Audrey ALEXIS\n<br><br>\nN\u00b0 Siret : 381 719 390 000 22\n<br><br>\nPhotos Istock<\/h3>\t\t<\/div>\n\t\t\t\t<\/div>\n\t\t\t\t\t<\/div>\n\t\t<\/div>\n\t\t\t\t\t\t\t<\/div>\n\t\t<\/section>\n\t\t\t\t\t<\/div>\n\t\t<\/div>\n\t\t\t\t\t\t\t<\/div>\n\t\t<\/section>\n\t\t\t\t\t\t\t<\/div>","protected":false},"excerpt":{"rendered":"<p>MENTIONS L\u00c9GALES Les mentions l\u00e9gales de la soci\u00e9t\u00e9 All Word Transport : 1, rue Le N\u00f4tre \u2013 BP 80804 \u2013 95198 GOUSSAINVILLE CEDEX \u2013 FRANCE H\u00e9bergeur : OVH \u00c9diteur : ALL WORLD TRANSPORT Responsable des publications : Audrey ALEXIS N\u00b0 Siret : 381 719 390 000 22 Photos Istock<\/p>","protected":false},"author":1,"featured_media":0,"parent":0,"menu_order":0,"comment_status":"closed","ping_status":"closed","template":"","meta":{"footnotes":""},"class_list":["post-1470","page","type-page","status-publish","hentry"],"yoast_head":"<!-- This site is optimized with the Yoast SEO plugin v21.7 - https:\/\/yoast.com\/wordpress\/plugins\/seo\/ -->\n<title>Mentions L\u00e9gales - AWT<\/title>\n<meta name=\"robots\" content=\"index, follow, max-snippet:-1, max-image-preview:large, max-video-preview:-1\" \/>\n<link rel=\"canonical\" href=\"https:\/\/www.awt.fr\/en\/mentions-legales\/\" \/>\n<meta property=\"og:locale\" content=\"en_US\" \/>\n<meta property=\"og:type\" content=\"article\" \/>\n<meta property=\"og:title\" content=\"Mentions L\u00e9gales - AWT\" \/>\n<meta property=\"og:description\" content=\"MENTIONS L\u00c9GALES Les mentions l\u00e9gales de la soci\u00e9t\u00e9 All Word Transport : 1, rue Le N\u00f4tre \u2013 BP 80804 \u2013 95198 GOUSSAINVILLE CEDEX \u2013 FRANCE H\u00e9bergeur : OVH \u00c9diteur : ALL WORLD TRANSPORT Responsable des publications : Audrey ALEXIS N\u00b0 Siret : 381 719 390 000 22 Photos Istock\" \/>\n<meta property=\"og:url\" content=\"https:\/\/www.awt.fr\/en\/mentions-legales\/\" \/>\n<meta property=\"og:site_name\" content=\"AWT\" \/>\n<meta property=\"article:modified_time\" content=\"2023-02-02T12:40:46+00:00\" \/>\n<meta name=\"twitter:card\" content=\"summary_large_image\" \/>\n<meta name=\"twitter:label1\" content=\"Est. reading time\" \/>\n\t<meta name=\"twitter:data1\" content=\"1 minute\" \/>\n<script type=\"application\/ld+json\" class=\"yoast-schema-graph\">{\"@context\":\"https:\/\/schema.org\",\"@graph\":[{\"@type\":\"WebPage\",\"@id\":\"https:\/\/www.awt.fr\/mentions-legales\/\",\"url\":\"https:\/\/www.awt.fr\/mentions-legales\/\",\"name\":\"Mentions L\u00e9gales - AWT\",\"isPartOf\":{\"@id\":\"https:\/\/www.awt.fr\/#website\"},\"datePublished\":\"2023-01-23T19:25:30+00:00\",\"dateModified\":\"2023-02-02T12:40:46+00:00\",\"inLanguage\":\"en-US\",\"potentialAction\":[{\"@type\":\"ReadAction\",\"target\":[\"https:\/\/www.awt.fr\/mentions-legales\/\"]}]},{\"@type\":\"WebSite\",\"@id\":\"https:\/\/www.awt.fr\/#website\",\"url\":\"https:\/\/www.awt.fr\/\",\"name\":\"AWT\",\"description\":\"Un site utilisant WordPress\",\"publisher\":{\"@id\":\"https:\/\/www.awt.fr\/#organization\"},\"potentialAction\":[{\"@type\":\"SearchAction\",\"target\":{\"@type\":\"EntryPoint\",\"urlTemplate\":\"https:\/\/www.awt.fr\/?s={search_term_string}\"},\"query-input\":\"required name=search_term_string\"}],\"inLanguage\":\"en-US\"},{\"@type\":\"Organization\",\"@id\":\"https:\/\/www.awt.fr\/#organization\",\"name\":\"AWT\",\"url\":\"https:\/\/www.awt.fr\/\",\"logo\":{\"@type\":\"ImageObject\",\"inLanguage\":\"en-US\",\"@id\":\"https:\/\/www.awt.fr\/#\/schema\/logo\/image\/\",\"url\":\"https:\/\/www.awt.fr\/wp-content\/uploads\/2022\/04\/logo.png\",\"contentUrl\":\"https:\/\/www.awt.fr\/wp-content\/uploads\/2022\/04\/logo.png\",\"width\":431,\"height\":355,\"caption\":\"AWT\"},\"image\":{\"@id\":\"https:\/\/www.awt.fr\/#\/schema\/logo\/image\/\"}}]}<\/script>\n<!-- \/ Yoast SEO plugin. -->","yoast_head_json":{"title":"Mentions L\u00e9gales - AWT","robots":{"index":"index","follow":"follow","max-snippet":"max-snippet:-1","max-image-preview":"max-image-preview:large","max-video-preview":"max-video-preview:-1"},"canonical":"https:\/\/www.awt.fr\/en\/mentions-legales\/","og_locale":"en_US","og_type":"article","og_title":"Mentions L\u00e9gales - AWT","og_description":"MENTIONS L\u00c9GALES Les mentions l\u00e9gales de la soci\u00e9t\u00e9 All Word Transport : 1, rue Le N\u00f4tre \u2013 BP 80804 \u2013 95198 GOUSSAINVILLE CEDEX \u2013 FRANCE H\u00e9bergeur : OVH \u00c9diteur : ALL WORLD TRANSPORT Responsable des publications : Audrey ALEXIS N\u00b0 Siret : 381 719 390 000 22 Photos Istock","og_url":"https:\/\/www.awt.fr\/en\/mentions-legales\/","og_site_name":"AWT","article_modified_time":"2023-02-02T12:40:46+00:00","twitter_card":"summary_large_image","twitter_misc":{"Est. reading time":"1 minute"},"schema":{"@context":"https:\/\/schema.org","@graph":[{"@type":"WebPage","@id":"https:\/\/www.awt.fr\/mentions-legales\/","url":"https:\/\/www.awt.fr\/mentions-legales\/","name":"Mentions L\u00e9gales - AWT","isPartOf":{"@id":"https:\/\/www.awt.fr\/#website"},"datePublished":"2023-01-23T19:25:30+00:00","dateModified":"2023-02-02T12:40:46+00:00","inLanguage":"en-US","potentialAction":[{"@type":"ReadAction","target":["https:\/\/www.awt.fr\/mentions-legales\/"]}]},{"@type":"WebSite","@id":"https:\/\/www.awt.fr\/#website","url":"https:\/\/www.awt.fr\/","name":"AWT","description":"Un site utilisant WordPress","publisher":{"@id":"https:\/\/www.awt.fr\/#organization"},"potentialAction":[{"@type":"SearchAction","target":{"@type":"EntryPoint","urlTemplate":"https:\/\/www.awt.fr\/?s={search_term_string}"},"query-input":"required name=search_term_string"}],"inLanguage":"en-US"},{"@type":"Organization","@id":"https:\/\/www.awt.fr\/#organization","name":"AWT","url":"https:\/\/www.awt.fr\/","logo":{"@type":"ImageObject","inLanguage":"en-US","@id":"https:\/\/www.awt.fr\/#\/schema\/logo\/image\/","url":"https:\/\/www.awt.fr\/wp-content\/uploads\/2022\/04\/logo.png","contentUrl":"https:\/\/www.awt.fr\/wp-content\/uploads\/2022\/04\/logo.png","width":431,"height":355,"caption":"AWT"},"image":{"@id":"https:\/\/www.awt.fr\/#\/schema\/logo\/image\/"}}]}},"_links":{"self":[{"href":"https:\/\/www.awt.fr\/en\/wp-json\/wp\/v2\/pages\/1470","targetHints":{"allow":["GET"]}}],"collection":[{"href":"https:\/\/www.awt.fr\/en\/wp-json\/wp\/v2\/pages"}],"about":[{"href":"https:\/\/www.awt.fr\/en\/wp-json\/wp\/v2\/types\/page"}],"author":[{"embeddable":true,"href":"https:\/\/www.awt.fr\/en\/wp-json\/wp\/v2\/users\/1"}],"replies":[{"embeddable":true,"href":"https:\/\/www.awt.fr\/en\/wp-json\/wp\/v2\/comments?post=1470"}],"version-history":[{"count":7,"href":"https:\/\/www.awt.fr\/en\/wp-json\/wp\/v2\/pages\/1470\/revisions"}],"predecessor-version":[{"id":1803,"href":"https:\/\/www.awt.fr\/en\/wp-json\/wp\/v2\/pages\/1470\/revisions\/1803"}],"wp:attachment":[{"href":"https:\/\/www.awt.fr\/en\/wp-json\/wp\/v2\/media?parent=1470"}],"curies":[{"name":"wp","href":"https:\/\/api.w.org\/{rel}","templated":true}]}}