{"id":29,"date":"2022-04-25T15:08:48","date_gmt":"2022-04-25T13:08:48","guid":{"rendered":"https:\/\/www.awt.fr\/?page_id=29"},"modified":"2023-01-27T07:52:06","modified_gmt":"2023-01-27T06:52:06","slug":"garde-meubles","status":"publish","type":"page","link":"https:\/\/www.awt.fr\/en\/garde-meubles\/","title":{"rendered":"Storage"},"content":{"rendered":"<div data-elementor-type=\"wp-page\" data-elementor-id=\"29\" class=\"elementor elementor-29\">\n\t\t\t\t\t\t\t\t\t<section class=\"elementor-section elementor-top-section elementor-element elementor-element-b095fe7 elementor-section-boxed elementor-section-height-default elementor-section-height-default\" data-id=\"b095fe7\" data-element_type=\"section\" data-settings=\"{&quot;background_background&quot;:&quot;classic&quot;}\">\n\t\t\t\t\t\t<div class=\"elementor-container elementor-column-gap-default\">\n\t\t\t\t\t<div class=\"elementor-column elementor-col-100 elementor-top-column elementor-element elementor-element-a95ba4e\" data-id=\"a95ba4e\" data-element_type=\"column\">\n\t\t\t<div class=\"elementor-widget-wrap elementor-element-populated\">\n\t\t\t\t\t\t\t\t<div class=\"elementor-element elementor-element-8f51392 elementor-widget__width-initial elementor-widget-tablet__width-inherit elementor-widget elementor-widget-heading\" data-id=\"8f51392\" data-element_type=\"widget\" data-widget_type=\"heading.default\">\n\t\t\t\t<div class=\"elementor-widget-container\">\n\t\t\t<style>\/*! elementor - v3.17.0 - 25-10-2023 *\/\n.elementor-heading-title{padding:0;margin:0;line-height:1}.elementor-widget-heading .elementor-heading-title[class*=elementor-size-]>a{color:inherit;font-size:inherit;line-height:inherit}.elementor-widget-heading .elementor-heading-title.elementor-size-small{font-size:15px}.elementor-widget-heading .elementor-heading-title.elementor-size-medium{font-size:19px}.elementor-widget-heading .elementor-heading-title.elementor-size-large{font-size:29px}.elementor-widget-heading .elementor-heading-title.elementor-size-xl{font-size:39px}.elementor-widget-heading .elementor-heading-title.elementor-size-xxl{font-size:59px}<\/style><h2 class=\"elementor-heading-title elementor-size-default\">STORAGE<\/h2>\t\t<\/div>\n\t\t\t\t<\/div>\n\t\t\t\t<section class=\"elementor-section elementor-inner-section elementor-element elementor-element-1a6cfa7 elementor-section-boxed elementor-section-height-default elementor-section-height-default\" data-id=\"1a6cfa7\" data-element_type=\"section\">\n\t\t\t\t\t\t<div class=\"elementor-container elementor-column-gap-default\">\n\t\t\t\t\t<div class=\"elementor-column elementor-col-50 elementor-inner-column elementor-element elementor-element-967dfe0\" data-id=\"967dfe0\" data-element_type=\"column\">\n\t\t\t<div class=\"elementor-widget-wrap elementor-element-populated\">\n\t\t\t\t\t\t\t\t<div class=\"elementor-element elementor-element-879fea1 elementor-widget elementor-widget-heading\" data-id=\"879fea1\" data-element_type=\"widget\" data-widget_type=\"heading.default\">\n\t\t\t\t<div class=\"elementor-widget-container\">\n\t\t\t<h3 class=\"elementor-heading-title elementor-size-default translation-block\">You can, if you wish, store your furniture and personal effects in our storage.<\/h3>\t\t<\/div>\n\t\t\t\t<\/div>\n\t\t\t\t<div class=\"elementor-element elementor-element-390c4e5 elementor-icon-list--layout-traditional elementor-list-item-link-full_width elementor-widget elementor-widget-icon-list\" data-id=\"390c4e5\" data-element_type=\"widget\" data-widget_type=\"icon-list.default\">\n\t\t\t\t<div class=\"elementor-widget-container\">\n\t\t\t<link rel=\"stylesheet\" href=\"https:\/\/www.awt.fr\/wp-content\/uploads\/elementor\/css\/custom-widget-icon-list.min.css?ver=1711380960\">\t\t<ul class=\"elementor-icon-list-items\">\n\t\t\t\t\t\t\t<li class=\"elementor-icon-list-item\">\n\t\t\t\t\t\t\t\t\t\t\t<span class=\"elementor-icon-list-icon\">\n\t\t\t\t\t\t\t<i aria-hidden=\"true\" class=\"fas fa-circle\"><\/i>\t\t\t\t\t\t<\/span>\n\t\t\t\t\t\t\t\t\t\t<span class=\"elementor-icon-list-text\">Your belongings will be numbered and listed before being stored in individual crates.<\/span>\n\t\t\t\t\t\t\t\t\t<\/li>\n\t\t\t\t\t\t\t\t<li class=\"elementor-icon-list-item\">\n\t\t\t\t\t\t\t\t\t\t\t<span class=\"elementor-icon-list-icon\">\n\t\t\t\t\t\t\t<i aria-hidden=\"true\" class=\"fas fa-circle\"><\/i>\t\t\t\t\t\t<\/span>\n\t\t\t\t\t\t\t\t\t\t<span class=\"elementor-icon-list-text\">We are located near Roissy Charles de Gaulles airport, near Paris.<\/span>\n\t\t\t\t\t\t\t\t\t<\/li>\n\t\t\t\t\t\t\t\t<li class=\"elementor-icon-list-item\">\n\t\t\t\t\t\t\t\t\t\t\t<span class=\"elementor-icon-list-icon\">\n\t\t\t\t\t\t\t<i aria-hidden=\"true\" class=\"fas fa-circle\"><\/i>\t\t\t\t\t\t<\/span>\n\t\t\t\t\t\t\t\t\t\t<span class=\"elementor-icon-list-text\">Short- or long-term storage in individual crates<\/span>\n\t\t\t\t\t\t\t\t\t<\/li>\n\t\t\t\t\t\t\t\t<li class=\"elementor-icon-list-item\">\n\t\t\t\t\t\t\t\t\t\t\t<span class=\"elementor-icon-list-icon\">\n\t\t\t\t\t\t\t<i aria-hidden=\"true\" class=\"fas fa-circle\"><\/i>\t\t\t\t\t\t<\/span>\n\t\t\t\t\t\t\t\t\t\t<span class=\"elementor-icon-list-text\">Identification of crates by your name and sealing with numbered security seals<\/span>\n\t\t\t\t\t\t\t\t\t<\/li>\n\t\t\t\t\t\t\t\t<li class=\"elementor-icon-list-item\">\n\t\t\t\t\t\t\t\t\t\t\t<span class=\"elementor-icon-list-icon\">\n\t\t\t\t\t\t\t<i aria-hidden=\"true\" class=\"fas fa-circle\"><\/i>\t\t\t\t\t\t<\/span>\n\t\t\t\t\t\t\t\t\t\t<span class=\"elementor-icon-list-text\">Our warehouse is under 24-hour video surveillance, alarm, temperature and humidity control. Our warehouse is deratized and disinsectized twice a year according to FAIM certification standards<\/span>\n\t\t\t\t\t\t\t\t\t<\/li>\n\t\t\t\t\t\t<\/ul>\n\t\t\t\t<\/div>\n\t\t\t\t<\/div>\n\t\t\t\t<div class=\"elementor-element elementor-element-9ebe884 elementor-widget elementor-widget-heading\" data-id=\"9ebe884\" data-element_type=\"widget\" data-widget_type=\"heading.default\">\n\t\t\t\t<div class=\"elementor-widget-container\">\n\t\t\t<h3 class=\"elementor-heading-title elementor-size-default\">Our team is at your disposal when you want to come and collect some of your personal belongings, by making an appointment beforehand.<\/h3>\t\t<\/div>\n\t\t\t\t<\/div>\n\t\t\t\t<div class=\"elementor-element elementor-element-d0a2dee elementor-mobile-align-center elementor-widget elementor-widget-button\" data-id=\"d0a2dee\" data-element_type=\"widget\" data-widget_type=\"button.default\">\n\t\t\t\t<div class=\"elementor-widget-container\">\n\t\t\t\t\t<div class=\"elementor-button-wrapper\">\n\t\t\t<a class=\"elementor-button elementor-button-link elementor-size-sm\" href=\"https:\/\/devis.awt.fr\" target=\"_blank\">\n\t\t\t\t\t\t<span class=\"elementor-button-content-wrapper\">\n\t\t\t\t\t\t<span class=\"elementor-button-icon elementor-align-icon-right\">\n\t\t\t\t<i aria-hidden=\"true\" class=\"fas fa-arrow-right\"><\/i>\t\t\t<\/span>\n\t\t\t\t\t\t<span class=\"elementor-button-text\">Ask for a quote<\/span>\n\t\t<\/span>\n\t\t\t\t\t<\/a>\n\t\t<\/div>\n\t\t\t\t<\/div>\n\t\t\t\t<\/div>\n\t\t\t\t\t<\/div>\n\t\t<\/div>\n\t\t\t\t\t\t\t<\/div>\n\t\t<\/section>\n\t\t\t\t\t<\/div>\n\t\t<\/div>\n\t\t\t\t\t\t\t<\/div>\n\t\t<\/section>\n\t\t\t\t\t\t\t<\/div>","protected":false},"excerpt":{"rendered":"<p>STOCKAGE \/ GARDE MEUBLES Vous pouvez, si vous le souhaitez, entreposer vos meubles et effets personnels dans notre garde-meubles. Vos affaires seront num\u00e9rot\u00e9es et list\u00e9es avant la mise en stockage dans des caisses individuelles. Nos d\u00e9p\u00f4ts sont situ\u00e9s pr\u00e8s de l&rsquo;a\u00e9roport de Roissy Stockage courte ou longue dur\u00e9e en caisses individuelles Identification des caisses par [&hellip;]<\/p>","protected":false},"author":1,"featured_media":0,"parent":0,"menu_order":0,"comment_status":"closed","ping_status":"closed","template":"elementor_header_footer","meta":{"footnotes":""},"class_list":["post-29","page","type-page","status-publish","hentry"],"yoast_head":"<!-- This site is optimized with the Yoast SEO plugin v21.7 - https:\/\/yoast.com\/wordpress\/plugins\/seo\/ -->\n<title>Garde meubles et stockage en r\u00e9gion parisienne | AWT<\/title>\n<meta name=\"description\" content=\"AWT met \u00e0 disposition de ses clients un service de garde-meubles \/ stockage pour entreposer meubles et effets personnels dans des caisses individuelles pour de courte ou longue dur\u00e9e.\" \/>\n<meta name=\"robots\" content=\"index, follow, max-snippet:-1, max-image-preview:large, max-video-preview:-1\" \/>\n<link rel=\"canonical\" href=\"https:\/\/www.awt.fr\/en\/garde-meubles\/\" \/>\n<meta property=\"og:locale\" content=\"en_US\" \/>\n<meta property=\"og:type\" content=\"article\" \/>\n<meta property=\"og:title\" content=\"Garde meubles et stockage en r\u00e9gion parisienne | AWT\" \/>\n<meta property=\"og:description\" content=\"AWT met \u00e0 disposition de ses clients un service de garde-meubles \/ stockage pour entreposer meubles et effets personnels dans des caisses individuelles pour de courte ou longue dur\u00e9e.\" \/>\n<meta property=\"og:url\" content=\"https:\/\/www.awt.fr\/en\/garde-meubles\/\" \/>\n<meta property=\"og:site_name\" content=\"AWT\" \/>\n<meta property=\"article:modified_time\" content=\"2023-01-27T06:52:06+00:00\" \/>\n<meta name=\"twitter:card\" content=\"summary_large_image\" \/>\n<meta name=\"twitter:label1\" content=\"Est. reading time\" \/>\n\t<meta name=\"twitter:data1\" content=\"1 minute\" \/>\n<script type=\"application\/ld+json\" class=\"yoast-schema-graph\">{\"@context\":\"https:\/\/schema.org\",\"@graph\":[{\"@type\":\"WebPage\",\"@id\":\"https:\/\/www.awt.fr\/garde-meubles\/\",\"url\":\"https:\/\/www.awt.fr\/garde-meubles\/\",\"name\":\"Garde meubles et stockage en r\u00e9gion parisienne | AWT\",\"isPartOf\":{\"@id\":\"https:\/\/www.awt.fr\/#website\"},\"datePublished\":\"2022-04-25T13:08:48+00:00\",\"dateModified\":\"2023-01-27T06:52:06+00:00\",\"description\":\"AWT met \u00e0 disposition de ses clients un service de garde-meubles \/ stockage pour entreposer meubles et effets personnels dans des caisses individuelles pour de courte ou longue dur\u00e9e.\",\"inLanguage\":\"en-US\",\"potentialAction\":[{\"@type\":\"ReadAction\",\"target\":[\"https:\/\/www.awt.fr\/garde-meubles\/\"]}]},{\"@type\":\"WebSite\",\"@id\":\"https:\/\/www.awt.fr\/#website\",\"url\":\"https:\/\/www.awt.fr\/\",\"name\":\"AWT\",\"description\":\"Un site utilisant WordPress\",\"publisher\":{\"@id\":\"https:\/\/www.awt.fr\/#organization\"},\"potentialAction\":[{\"@type\":\"SearchAction\",\"target\":{\"@type\":\"EntryPoint\",\"urlTemplate\":\"https:\/\/www.awt.fr\/?s={search_term_string}\"},\"query-input\":\"required name=search_term_string\"}],\"inLanguage\":\"en-US\"},{\"@type\":\"Organization\",\"@id\":\"https:\/\/www.awt.fr\/#organization\",\"name\":\"AWT\",\"url\":\"https:\/\/www.awt.fr\/\",\"logo\":{\"@type\":\"ImageObject\",\"inLanguage\":\"en-US\",\"@id\":\"https:\/\/www.awt.fr\/#\/schema\/logo\/image\/\",\"url\":\"https:\/\/www.awt.fr\/wp-content\/uploads\/2022\/04\/logo.png\",\"contentUrl\":\"https:\/\/www.awt.fr\/wp-content\/uploads\/2022\/04\/logo.png\",\"width\":431,\"height\":355,\"caption\":\"AWT\"},\"image\":{\"@id\":\"https:\/\/www.awt.fr\/#\/schema\/logo\/image\/\"}}]}<\/script>\n<!-- \/ Yoast SEO plugin. -->","yoast_head_json":{"title":"Garde meubles et stockage en r\u00e9gion parisienne | AWT","description":"AWT met \u00e0 disposition de ses clients un service de garde-meubles \/ stockage pour entreposer meubles et effets personnels dans des caisses individuelles pour de courte ou longue dur\u00e9e.","robots":{"index":"index","follow":"follow","max-snippet":"max-snippet:-1","max-image-preview":"max-image-preview:large","max-video-preview":"max-video-preview:-1"},"canonical":"https:\/\/www.awt.fr\/en\/garde-meubles\/","og_locale":"en_US","og_type":"article","og_title":"Garde meubles et stockage en r\u00e9gion parisienne | AWT","og_description":"AWT met \u00e0 disposition de ses clients un service de garde-meubles \/ stockage pour entreposer meubles et effets personnels dans des caisses individuelles pour de courte ou longue dur\u00e9e.","og_url":"https:\/\/www.awt.fr\/en\/garde-meubles\/","og_site_name":"AWT","article_modified_time":"2023-01-27T06:52:06+00:00","twitter_card":"summary_large_image","twitter_misc":{"Est. reading time":"1 minute"},"schema":{"@context":"https:\/\/schema.org","@graph":[{"@type":"WebPage","@id":"https:\/\/www.awt.fr\/garde-meubles\/","url":"https:\/\/www.awt.fr\/garde-meubles\/","name":"Garde meubles et stockage en r\u00e9gion parisienne | AWT","isPartOf":{"@id":"https:\/\/www.awt.fr\/#website"},"datePublished":"2022-04-25T13:08:48+00:00","dateModified":"2023-01-27T06:52:06+00:00","description":"AWT met \u00e0 disposition de ses clients un service de garde-meubles \/ stockage pour entreposer meubles et effets personnels dans des caisses individuelles pour de courte ou longue dur\u00e9e.","inLanguage":"en-US","potentialAction":[{"@type":"ReadAction","target":["https:\/\/www.awt.fr\/garde-meubles\/"]}]},{"@type":"WebSite","@id":"https:\/\/www.awt.fr\/#website","url":"https:\/\/www.awt.fr\/","name":"AWT","description":"Un site utilisant WordPress","publisher":{"@id":"https:\/\/www.awt.fr\/#organization"},"potentialAction":[{"@type":"SearchAction","target":{"@type":"EntryPoint","urlTemplate":"https:\/\/www.awt.fr\/?s={search_term_string}"},"query-input":"required name=search_term_string"}],"inLanguage":"en-US"},{"@type":"Organization","@id":"https:\/\/www.awt.fr\/#organization","name":"AWT","url":"https:\/\/www.awt.fr\/","logo":{"@type":"ImageObject","inLanguage":"en-US","@id":"https:\/\/www.awt.fr\/#\/schema\/logo\/image\/","url":"https:\/\/www.awt.fr\/wp-content\/uploads\/2022\/04\/logo.png","contentUrl":"https:\/\/www.awt.fr\/wp-content\/uploads\/2022\/04\/logo.png","width":431,"height":355,"caption":"AWT"},"image":{"@id":"https:\/\/www.awt.fr\/#\/schema\/logo\/image\/"}}]}},"_links":{"self":[{"href":"https:\/\/www.awt.fr\/en\/wp-json\/wp\/v2\/pages\/29","targetHints":{"allow":["GET"]}}],"collection":[{"href":"https:\/\/www.awt.fr\/en\/wp-json\/wp\/v2\/pages"}],"about":[{"href":"https:\/\/www.awt.fr\/en\/wp-json\/wp\/v2\/types\/page"}],"author":[{"embeddable":true,"href":"https:\/\/www.awt.fr\/en\/wp-json\/wp\/v2\/users\/1"}],"replies":[{"embeddable":true,"href":"https:\/\/www.awt.fr\/en\/wp-json\/wp\/v2\/comments?post=29"}],"version-history":[{"count":21,"href":"https:\/\/www.awt.fr\/en\/wp-json\/wp\/v2\/pages\/29\/revisions"}],"predecessor-version":[{"id":1756,"href":"https:\/\/www.awt.fr\/en\/wp-json\/wp\/v2\/pages\/29\/revisions\/1756"}],"wp:attachment":[{"href":"https:\/\/www.awt.fr\/en\/wp-json\/wp\/v2\/media?parent=29"}],"curies":[{"name":"wp","href":"https:\/\/api.w.org\/{rel}","templated":true}]}}